{"id":2888,"date":"2022-11-30T12:37:12","date_gmt":"2022-11-30T11:37:12","guid":{"rendered":"https:\/\/www.breecorn.com\/?post_type=product&#038;p=2888"},"modified":"2023-11-08T09:55:34","modified_gmt":"2023-11-08T08:55:34","slug":"sinfin-cal-deu","status":"publish","type":"product","link":"https:\/\/www.breecorn.com\/de\/artwork\/sinfin-cal-deu\/","title":{"rendered":"sin fin &#8211; Kalender"},"content":{"rendered":"<div class=\"wpb-content-wrapper\"><p>[vc_row unlock_row_content=&#8220;yes&#8220; row_height_percent=&#8220;100&#8243; override_padding=&#8220;yes&#8220; h_padding=&#8220;0&#8243; top_padding=&#8220;0&#8243; bottom_padding=&#8220;0&#8243; back_color=&#8220;color-159734&#8243; overlay_alpha=&#8220;50&#8243; equal_height=&#8220;yes&#8220; gutter_size=&#8220;3&#8243; column_width_percent=&#8220;100&#8243; shift_y=&#8220;0&#8243; z_index=&#8220;0&#8243; top_divider=&#8220;gradient&#8220; uncode_shortcode_id=&#8220;622119&#8243; back_color_type=&#8220;uncode-palette&#8220;][vc_column column_width_percent=&#8220;100&#8243; gutter_size=&#8220;3&#8243; expand_height=&#8220;yes&#8220; style=&#8220;dark&#8220; overlay_alpha=&#8220;50&#8243; shift_x=&#8220;0&#8243; shift_y=&#8220;0&#8243; z_index=&#8220;0&#8243; medium_width=&#8220;0&#8243; width=&#8220;1\/1&#8243;][vc_row_inner row_inner_height_percent=&#8220;0&#8243; overlay_alpha=&#8220;50&#8243; equal_height=&#8220;yes&#8220; gutter_size=&#8220;0&#8243; shift_y=&#8220;0&#8243; limit_content=&#8220;&#8220;][vc_column_inner column_width_use_pixel=&#8220;yes&#8220; gutter_size=&#8220;3&#8243; expand_height=&#8220;yes&#8220; back_color=&#8220;color-159734&#8243; back_image_auto=&#8220;yes&#8220; overlay_alpha=&#8220;50&#8243; shift_x=&#8220;0&#8243; shift_y=&#8220;0&#8243; shift_y_down=&#8220;0&#8243; z_index=&#8220;0&#8243; medium_width=&#8220;0&#8243; mobile_width=&#8220;0&#8243; width=&#8220;1\/2&#8243; mobile_height=&#8220;500&#8243; uncode_shortcode_id=&#8220;270741&#8243; back_color_type=&#8220;uncode-palette&#8220;][uncode_single_product_gallery zoom=&#8220;yes&#8220; columns=&#8220;6&#8243; carousel=&#8220;yes&#8220; gutter_thumb_2=&#8220;2&#8243; images_size=&#8220;one-one&#8220;][\/vc_column_inner][vc_column_inner column_width_percent=&#8220;80&#8243; align_horizontal=&#8220;align_center&#8220; gutter_size=&#8220;0&#8243; style=&#8220;dark&#8220; overlay_alpha=&#8220;50&#8243; shift_x=&#8220;0&#8243; shift_y=&#8220;0&#8243; shift_y_down=&#8220;0&#8243; z_index=&#8220;0&#8243; medium_width=&#8220;0&#8243; mobile_width=&#8220;0&#8243; width=&#8220;1\/2&#8243; uncode_shortcode_id=&#8220;189802&#8243;][vc_column_text uncode_shortcode_id=&#8220;211145&#8243; css=&#8220;.vc_custom_1699433727853{margin-right: 10px !important;margin-left: 10px !important;padding-right: 10px !important;padding-left: 10px !important;}&#8220;]<\/p>\n<h5><strong><a href=\"https:\/\/www.breecorn.com\/de\/artwork\/sinfin-cal-eng\/\">ENG<\/a> | <a href=\"https:\/\/www.breecorn.com\/de\/artwork\/sinfin-cal-deu\/\">DEU<\/a> | <a href=\"https:\/\/www.breecorn.com\/de\/artwork\/sinfin-cal-es\/\">ES<\/a><\/strong><\/h5>\n<p>[\/vc_column_text][vc_empty_space empty_h=&#8220;2&#8243;][vc_custom_heading heading_semantic=&#8220;h1&#8243; text_size=&#8220;h1&#8243; text_align=&#8220;text-left&#8220; uncode_shortcode_id=&#8220;443484&#8243;]Fine Art Photo Kalender<br \/>\n&#8222;sin fin&#8220;[\/vc_custom_heading][vc_empty_space empty_h=&#8220;1&#8243;][vc_column_text uncode_shortcode_id=&#8220;340621&#8243; css=&#8220;.vc_custom_1669809791918{margin-right: 10px !important;margin-left: 10px !important;padding-right: 10px !important;padding-left: 10px !important;}&#8220;]<\/p>\n<h5>Mallorca ist eine magische Insel, die jeden Tag aufs Neue entdeckt werden kann. Sin fin &#8211; ohne Ende. Dieser zeitlose Kalender in limitierter Auflage pr\u00e4sentiert 13 Fotografien, die meine Leidenschaft f\u00fcr das &#8222;urspr\u00fcngliche&#8220; Mallorca widerspiegeln.<\/h5>\n<p>[\/vc_column_text][vc_column_text uncode_shortcode_id=&#8220;315194&#8243;]<\/p>\n<p style=\"text-align: center;\">Format: 50 x 43 cm<br \/>\n13 Mallorca Motive<br \/>\nLimitierte Edition von 200 St\u00fcck<br \/>\nJeder Kalender ist nummeriert<br \/>\nImmerw\u00e4hrender Kalender (keine Wochentage)<\/p>\n<p style=\"text-align: center;\"><strong>ACHTUNG: Nur Abholung in unserem<br \/>\n<a href=\"https:\/\/maps.app.goo.gl\/76LVQdUrfxvTbi927\" target=\"_blank\" rel=\"noopener\">Atelier in Son Carri\u00f3 (Mallorca)<\/a> &#8211; Kein Versand!<\/strong><\/p>\n<p>[\/vc_column_text][vc_empty_space empty_h=&#8220;1&#8243;][vc_custom_heading auto_text=&#8220;price&#8220; heading_semantic=&#8220;h6&#8243; text_size=&#8220;h1&#8243; text_align=&#8220;text-left&#8220;]Short headline[\/vc_custom_heading][vc_empty_space empty_h=&#8220;1&#8243;][vc_button dynamic=&#8220;add-to-cart&#8220; quantity=&#8220;variation&#8220; button_color=&#8220;accent&#8220; size=&#8220;btn-lg&#8220; radius=&#8220;btn-square&#8220; hover_fx=&#8220;full-colored&#8220; text_skin=&#8220;yes&#8220; border_width=&#8220;0&#8243; scale_mobile=&#8220;no&#8220;]Text on the button[\/vc_button][vc_empty_space empty_h=&#8220;1&#8243;][vc_empty_space empty_h=&#8220;1&#8243;][uncode_share layout=&#8220;multiple&#8220; no_back=&#8220;yes&#8220;][\/vc_column_inner][\/vc_row_inner][vc_empty_space empty_h=&#8220;2&#8243;][\/vc_column][\/vc_row][vc_row unlock_row_content=&#8220;yes&#8220; row_height_percent=&#8220;50&#8243; override_padding=&#8220;yes&#8220; h_padding=&#8220;0&#8243; top_padding=&#8220;5&#8243; bottom_padding=&#8220;5&#8243; back_color=&#8220;accent&#8220; back_image=&#8220;2832&#8243; parallax=&#8220;yes&#8220; overlay_color=&#8220;accent&#8220; overlay_alpha=&#8220;80&#8243; gutter_size=&#8220;100&#8243; column_width_percent=&#8220;95&#8243; shift_y=&#8220;0&#8243; z_index=&#8220;0&#8243; style=&#8220;inherited&#8220; uncode_shortcode_id=&#8220;392733&#8243; back_color_type=&#8220;uncode-palette&#8220; overlay_color_type=&#8220;uncode-palette&#8220;][vc_column column_width_use_pixel=&#8220;yes&#8220; position_vertical=&#8220;middle&#8220; align_horizontal=&#8220;align_center&#8220; gutter_size=&#8220;3&#8243; style=&#8220;dark&#8220; overlay_alpha=&#8220;100&#8243; shift_x=&#8220;0&#8243; shift_y=&#8220;0&#8243; shift_y_down=&#8220;0&#8243; z_index=&#8220;0&#8243; medium_width=&#8220;0&#8243; mobile_width=&#8220;0&#8243; zoom_width=&#8220;0&#8243; zoom_height=&#8220;0&#8243; width=&#8220;1\/1&#8243; column_width_pixel=&#8220;900&#8243;][vc_row_inner row_inner_height_percent=&#8220;0&#8243; overlay_alpha=&#8220;50&#8243; gutter_size=&#8220;3&#8243; shift_y=&#8220;0&#8243; z_index=&#8220;0&#8243; uncode_shortcode_id=&#8220;143987&#8243;][vc_column_inner column_width_percent=&#8220;100&#8243; align_horizontal=&#8220;align_center&#8220; gutter_size=&#8220;3&#8243; style=&#8220;dark&#8220; overlay_alpha=&#8220;50&#8243; shift_x=&#8220;0&#8243; shift_y=&#8220;0&#8243; z_index=&#8220;0&#8243; medium_width=&#8220;0&#8243; width=&#8220;1\/1&#8243;][vc_custom_heading heading_semantic=&#8220;h6&#8243; text_size=&#8220;h6&#8243; text_transform=&#8220;uppercase&#8220; uncode_shortcode_id=&#8220;160569&#8243;]Ein Gedanke[\/vc_custom_heading][vc_separator sep_color=&#8220;,Default&#8220;][\/vc_column_inner][\/vc_row_inner][vc_gallery el_id=&#8220;gallery-598392928&#8243; type=&#8220;carousel&#8220; medias=&#8220;2891&#8243; carousel_lg=&#8220;1&#8243; carousel_md=&#8220;1&#8243; carousel_sm=&#8220;1&#8243; gutter_size=&#8220;0&#8243; media_items=&#8220;media|lightbox|original&#8220; carousel_type=&#8220;fade&#8220; carousel_interval=&#8220;5000&#8243; carousel_navspeed=&#8220;400&#8243; carousel_dots=&#8220;yes&#8220; carousel_dots_mobile=&#8220;yes&#8220; carousel_autoh=&#8220;yes&#8220; carousel_textual=&#8220;yes&#8220; stage_padding=&#8220;0&#8243; single_overlay_opacity=&#8220;50&#8243; single_overlay_anim=&#8220;no&#8220; single_text_anim=&#8220;no&#8220; single_image_anim=&#8220;no&#8220; single_h_align=&#8220;center&#8220; single_padding=&#8220;2&#8243; single_title_dimension=&#8220;h1&#8243; single_title_weight=&#8220;600&#8243; single_css_animation=&#8220;zoom-in&#8220; single_animation_delay=&#8220;200&#8243; carousel_twitter=&#8220;yes&#8220; title=&#8220;Testimonials&#8220; uncode_shortcode_id=&#8220;116899&#8243;][\/vc_column][\/vc_row]<\/p>\n<\/div>","protected":false},"excerpt":{"rendered":"<p>Format: 50 x 43 cm<br \/>\n13 unique Mallorca motifs<br \/>\nLimited Edition of 200 !<br \/>\nEach calendar is numbered<\/p>\n","protected":false},"featured_media":2803,"comment_status":"open","ping_status":"closed","template":"","meta":[],"product_brand":[],"product_cat":[45],"product_tag":[75,76,77,78,68,79,69,80,70,81,71,105,72,73,74],"class_list":{"0":"post-2888","1":"product","2":"type-product","3":"status-publish","4":"has-post-thumbnail","6":"product_cat-unkategorisiert","7":"product_tag-esel","8":"product_tag-muhle","9":"product_tag-olivenbaum","10":"product_tag-fotografie","11":"product_tag-kalender","12":"product_tag-palma-de-mallorca","13":"product_tag-mallorca","14":"product_tag-grossformatige-bilder","15":"product_tag-arta","16":"product_tag-wandkalender","17":"product_tag-mallorcafotos","18":"product_tag-mallorca-kalender","19":"product_tag-kunst","20":"product_tag-balearen","21":"product_tag-mallorca-motive","22":"product_shipping_class-calendar","24":"first","25":"instock","26":"shipping-taxable","27":"purchasable","28":"product-type-simple"},"yoast_head":"<!-- This site is optimized with the Yoast SEO plugin v27.4 - https:\/\/yoast.com\/product\/yoast-seo-wordpress\/ -->\n<title>sin fin - Kalender &#8902; Bree Corn<\/title>\n<meta name=\"robots\" content=\"index, follow, max-snippet:-1, max-image-preview:large, max-video-preview:-1\" \/>\n<link rel=\"canonical\" href=\"https:\/\/www.breecorn.com\/de\/artwork\/sinfin-cal-deu\/\" \/>\n<meta property=\"og:locale\" content=\"de_DE\" \/>\n<meta property=\"og:type\" content=\"article\" \/>\n<meta property=\"og:title\" content=\"sin fin - Kalender &#8902; Bree Corn\" \/>\n<meta property=\"og:description\" content=\"Format: 50 x 43 cm 13 unique Mallorca motifs Limited Edition of 200 ! Each calendar is numbered\" \/>\n<meta property=\"og:url\" content=\"https:\/\/www.breecorn.com\/de\/artwork\/sinfin-cal-deu\/\" \/>\n<meta property=\"og:site_name\" content=\"Bree Corn\" \/>\n<meta property=\"article:publisher\" content=\"https:\/\/www.facebook.com\/BreeCornPhoto\" \/>\n<meta property=\"article:modified_time\" content=\"2023-11-08T08:55:34+00:00\" \/>\n<meta property=\"og:image\" content=\"https:\/\/www.breecorn.com\/wp-content\/uploads\/2022\/11\/SinFin_Calendar_001-1500x1500.jpg\" \/>\n\t<meta property=\"og:image:width\" content=\"1500\" \/>\n\t<meta property=\"og:image:height\" content=\"1500\" \/>\n\t<meta property=\"og:image:type\" content=\"image\/jpeg\" \/>\n<meta name=\"twitter:card\" content=\"summary_large_image\" \/>\n<meta name=\"twitter:label1\" content=\"Gesch\u00e4tzte Lesezeit\" \/>\n\t<meta name=\"twitter:data1\" content=\"2\u00a0Minuten\" \/>\n<script type=\"application\/ld+json\" class=\"yoast-schema-graph\">{\"@context\":\"https:\\\/\\\/schema.org\",\"@graph\":[{\"@type\":\"WebPage\",\"@id\":\"https:\\\/\\\/www.breecorn.com\\\/de\\\/artwork\\\/sinfin-cal-deu\\\/\",\"url\":\"https:\\\/\\\/www.breecorn.com\\\/de\\\/artwork\\\/sinfin-cal-deu\\\/\",\"name\":\"sin fin - Kalender &#8902; Bree Corn\",\"isPartOf\":{\"@id\":\"https:\\\/\\\/www.breecorn.com\\\/de\\\/#website\"},\"primaryImageOfPage\":{\"@id\":\"https:\\\/\\\/www.breecorn.com\\\/de\\\/artwork\\\/sinfin-cal-deu\\\/#primaryimage\"},\"image\":{\"@id\":\"https:\\\/\\\/www.breecorn.com\\\/de\\\/artwork\\\/sinfin-cal-deu\\\/#primaryimage\"},\"thumbnailUrl\":\"https:\\\/\\\/i0.wp.com\\\/www.breecorn.com\\\/wp-content\\\/uploads\\\/2022\\\/11\\\/SinFin_Calendar_001.jpg?fit=2500%2C2500&ssl=1\",\"datePublished\":\"2022-11-30T11:37:12+00:00\",\"dateModified\":\"2023-11-08T08:55:34+00:00\",\"breadcrumb\":{\"@id\":\"https:\\\/\\\/www.breecorn.com\\\/de\\\/artwork\\\/sinfin-cal-deu\\\/#breadcrumb\"},\"inLanguage\":\"de\",\"potentialAction\":[{\"@type\":\"ReadAction\",\"target\":[\"https:\\\/\\\/www.breecorn.com\\\/de\\\/artwork\\\/sinfin-cal-deu\\\/\"]}]},{\"@type\":\"ImageObject\",\"inLanguage\":\"de\",\"@id\":\"https:\\\/\\\/www.breecorn.com\\\/de\\\/artwork\\\/sinfin-cal-deu\\\/#primaryimage\",\"url\":\"https:\\\/\\\/i0.wp.com\\\/www.breecorn.com\\\/wp-content\\\/uploads\\\/2022\\\/11\\\/SinFin_Calendar_001.jpg?fit=2500%2C2500&ssl=1\",\"contentUrl\":\"https:\\\/\\\/i0.wp.com\\\/www.breecorn.com\\\/wp-content\\\/uploads\\\/2022\\\/11\\\/SinFin_Calendar_001.jpg?fit=2500%2C2500&ssl=1\",\"width\":2500,\"height\":2500},{\"@type\":\"BreadcrumbList\",\"@id\":\"https:\\\/\\\/www.breecorn.com\\\/de\\\/artwork\\\/sinfin-cal-deu\\\/#breadcrumb\",\"itemListElement\":[{\"@type\":\"ListItem\",\"position\":1,\"name\":\"Home\",\"item\":\"https:\\\/\\\/www.breecorn.com\\\/de\\\/\"},{\"@type\":\"ListItem\",\"position\":2,\"name\":\"Shop\",\"item\":\"https:\\\/\\\/www.breecorn.com\\\/de\\\/shop-2\\\/\"},{\"@type\":\"ListItem\",\"position\":3,\"name\":\"sin fin &#8211; Kalender\"}]},{\"@type\":\"WebSite\",\"@id\":\"https:\\\/\\\/www.breecorn.com\\\/de\\\/#website\",\"url\":\"https:\\\/\\\/www.breecorn.com\\\/de\\\/\",\"name\":\"Bree Corn\",\"description\":\"Art\",\"publisher\":{\"@id\":\"https:\\\/\\\/www.breecorn.com\\\/de\\\/#\\\/schema\\\/person\\\/8bdbe31aa84db87ad3bd0a2db2868dad\"},\"alternateName\":\"Bree Corn Art\",\"potentialAction\":[{\"@type\":\"SearchAction\",\"target\":{\"@type\":\"EntryPoint\",\"urlTemplate\":\"https:\\\/\\\/www.breecorn.com\\\/de\\\/?s={search_term_string}\"},\"query-input\":{\"@type\":\"PropertyValueSpecification\",\"valueRequired\":true,\"valueName\":\"search_term_string\"}}],\"inLanguage\":\"de\"},{\"@type\":[\"Person\",\"Organization\"],\"@id\":\"https:\\\/\\\/www.breecorn.com\\\/de\\\/#\\\/schema\\\/person\\\/8bdbe31aa84db87ad3bd0a2db2868dad\",\"name\":\"Bree Corn\",\"image\":{\"@type\":\"ImageObject\",\"inLanguage\":\"de\",\"@id\":\"https:\\\/\\\/www.breecorn.com\\\/wp-content\\\/uploads\\\/2023\\\/04\\\/BreeCorn_Profilbild.jpg\",\"url\":\"https:\\\/\\\/www.breecorn.com\\\/wp-content\\\/uploads\\\/2023\\\/04\\\/BreeCorn_Profilbild.jpg\",\"contentUrl\":\"https:\\\/\\\/www.breecorn.com\\\/wp-content\\\/uploads\\\/2023\\\/04\\\/BreeCorn_Profilbild.jpg\",\"width\":1500,\"height\":1500,\"caption\":\"Bree Corn\"},\"logo\":{\"@id\":\"https:\\\/\\\/www.breecorn.com\\\/wp-content\\\/uploads\\\/2023\\\/04\\\/BreeCorn_Profilbild.jpg\"},\"description\":\"Bree is an austrian born fine art photographer and artist. Her work has been nationally and internationally awarded, exhibited in seven european countries and is being represented by the gallery of Marion St\u00f6ter in Hamburg. Within a few years, Bree built up one of the most renowned photo studios in Austria. In 2011 she won the \\\"Traumseher\\\" award, which was followed by many other awards. She is known for her exquisite use of light, cinematic black&amp;white photographies, harmonious composings and combinations of photography and painting within her big format artworks. When living in Austria Bree taught the masterclass of the \\\"Austrian Academy of Photography\\\" and held workshops for e.g. photo::vienna and Hasselbald. Bree sold her successful photo studio in order to follow a more independent, free path and to develop her art further. Bree currently lives in Mallorca, Spain expanding her body of work. You can visit her private Atelier in Son Carrio and immerse yourself in Bree's artwork.\",\"sameAs\":[\"https:\\\/\\\/www.breecorn.com\",\"https:\\\/\\\/www.facebook.com\\\/BreeCornPhoto\",\"https:\\\/\\\/www.instagram.com\\\/breecorn\\\/\",\"https:\\\/\\\/www.linkedin.com\\\/in\\\/breecorn\\\/\",\"https:\\\/\\\/www.youtube.com\\\/@BreeCorn\"]}]}<\/script>\n<!-- \/ Yoast SEO plugin. -->","yoast_head_json":{"title":"sin fin - Kalender &#8902; Bree Corn","robots":{"index":"index","follow":"follow","max-snippet":"max-snippet:-1","max-image-preview":"max-image-preview:large","max-video-preview":"max-video-preview:-1"},"canonical":"https:\/\/www.breecorn.com\/de\/artwork\/sinfin-cal-deu\/","og_locale":"de_DE","og_type":"article","og_title":"sin fin - Kalender &#8902; Bree Corn","og_description":"Format: 50 x 43 cm 13 unique Mallorca motifs Limited Edition of 200 ! Each calendar is numbered","og_url":"https:\/\/www.breecorn.com\/de\/artwork\/sinfin-cal-deu\/","og_site_name":"Bree Corn","article_publisher":"https:\/\/www.facebook.com\/BreeCornPhoto","article_modified_time":"2023-11-08T08:55:34+00:00","og_image":[{"width":1500,"height":1500,"url":"https:\/\/www.breecorn.com\/wp-content\/uploads\/2022\/11\/SinFin_Calendar_001-1500x1500.jpg","type":"image\/jpeg"}],"twitter_card":"summary_large_image","twitter_misc":{"Gesch\u00e4tzte Lesezeit":"2\u00a0Minuten"},"schema":{"@context":"https:\/\/schema.org","@graph":[{"@type":"WebPage","@id":"https:\/\/www.breecorn.com\/de\/artwork\/sinfin-cal-deu\/","url":"https:\/\/www.breecorn.com\/de\/artwork\/sinfin-cal-deu\/","name":"sin fin - Kalender &#8902; Bree Corn","isPartOf":{"@id":"https:\/\/www.breecorn.com\/de\/#website"},"primaryImageOfPage":{"@id":"https:\/\/www.breecorn.com\/de\/artwork\/sinfin-cal-deu\/#primaryimage"},"image":{"@id":"https:\/\/www.breecorn.com\/de\/artwork\/sinfin-cal-deu\/#primaryimage"},"thumbnailUrl":"https:\/\/i0.wp.com\/www.breecorn.com\/wp-content\/uploads\/2022\/11\/SinFin_Calendar_001.jpg?fit=2500%2C2500&ssl=1","datePublished":"2022-11-30T11:37:12+00:00","dateModified":"2023-11-08T08:55:34+00:00","breadcrumb":{"@id":"https:\/\/www.breecorn.com\/de\/artwork\/sinfin-cal-deu\/#breadcrumb"},"inLanguage":"de","potentialAction":[{"@type":"ReadAction","target":["https:\/\/www.breecorn.com\/de\/artwork\/sinfin-cal-deu\/"]}]},{"@type":"ImageObject","inLanguage":"de","@id":"https:\/\/www.breecorn.com\/de\/artwork\/sinfin-cal-deu\/#primaryimage","url":"https:\/\/i0.wp.com\/www.breecorn.com\/wp-content\/uploads\/2022\/11\/SinFin_Calendar_001.jpg?fit=2500%2C2500&ssl=1","contentUrl":"https:\/\/i0.wp.com\/www.breecorn.com\/wp-content\/uploads\/2022\/11\/SinFin_Calendar_001.jpg?fit=2500%2C2500&ssl=1","width":2500,"height":2500},{"@type":"BreadcrumbList","@id":"https:\/\/www.breecorn.com\/de\/artwork\/sinfin-cal-deu\/#breadcrumb","itemListElement":[{"@type":"ListItem","position":1,"name":"Home","item":"https:\/\/www.breecorn.com\/de\/"},{"@type":"ListItem","position":2,"name":"Shop","item":"https:\/\/www.breecorn.com\/de\/shop-2\/"},{"@type":"ListItem","position":3,"name":"sin fin &#8211; Kalender"}]},{"@type":"WebSite","@id":"https:\/\/www.breecorn.com\/de\/#website","url":"https:\/\/www.breecorn.com\/de\/","name":"Bree Corn","description":"Art","publisher":{"@id":"https:\/\/www.breecorn.com\/de\/#\/schema\/person\/8bdbe31aa84db87ad3bd0a2db2868dad"},"alternateName":"Bree Corn Art","potentialAction":[{"@type":"SearchAction","target":{"@type":"EntryPoint","urlTemplate":"https:\/\/www.breecorn.com\/de\/?s={search_term_string}"},"query-input":{"@type":"PropertyValueSpecification","valueRequired":true,"valueName":"search_term_string"}}],"inLanguage":"de"},{"@type":["Person","Organization"],"@id":"https:\/\/www.breecorn.com\/de\/#\/schema\/person\/8bdbe31aa84db87ad3bd0a2db2868dad","name":"Bree Corn","image":{"@type":"ImageObject","inLanguage":"de","@id":"https:\/\/www.breecorn.com\/wp-content\/uploads\/2023\/04\/BreeCorn_Profilbild.jpg","url":"https:\/\/www.breecorn.com\/wp-content\/uploads\/2023\/04\/BreeCorn_Profilbild.jpg","contentUrl":"https:\/\/www.breecorn.com\/wp-content\/uploads\/2023\/04\/BreeCorn_Profilbild.jpg","width":1500,"height":1500,"caption":"Bree Corn"},"logo":{"@id":"https:\/\/www.breecorn.com\/wp-content\/uploads\/2023\/04\/BreeCorn_Profilbild.jpg"},"description":"Bree is an austrian born fine art photographer and artist. Her work has been nationally and internationally awarded, exhibited in seven european countries and is being represented by the gallery of Marion St\u00f6ter in Hamburg. Within a few years, Bree built up one of the most renowned photo studios in Austria. In 2011 she won the \"Traumseher\" award, which was followed by many other awards. She is known for her exquisite use of light, cinematic black&amp;white photographies, harmonious composings and combinations of photography and painting within her big format artworks. When living in Austria Bree taught the masterclass of the \"Austrian Academy of Photography\" and held workshops for e.g. photo::vienna and Hasselbald. Bree sold her successful photo studio in order to follow a more independent, free path and to develop her art further. Bree currently lives in Mallorca, Spain expanding her body of work. You can visit her private Atelier in Son Carrio and immerse yourself in Bree's artwork.","sameAs":["https:\/\/www.breecorn.com","https:\/\/www.facebook.com\/BreeCornPhoto","https:\/\/www.instagram.com\/breecorn\/","https:\/\/www.linkedin.com\/in\/breecorn\/","https:\/\/www.youtube.com\/@BreeCorn"]}]}},"_links":{"self":[{"href":"https:\/\/www.breecorn.com\/de\/wp-json\/wp\/v2\/product\/2888","targetHints":{"allow":["GET"]}}],"collection":[{"href":"https:\/\/www.breecorn.com\/de\/wp-json\/wp\/v2\/product"}],"about":[{"href":"https:\/\/www.breecorn.com\/de\/wp-json\/wp\/v2\/types\/product"}],"replies":[{"embeddable":true,"href":"https:\/\/www.breecorn.com\/de\/wp-json\/wp\/v2\/comments?post=2888"}],"wp:featuredmedia":[{"embeddable":true,"href":"https:\/\/www.breecorn.com\/de\/wp-json\/wp\/v2\/media\/2803"}],"wp:attachment":[{"href":"https:\/\/www.breecorn.com\/de\/wp-json\/wp\/v2\/media?parent=2888"}],"wp:term":[{"taxonomy":"product_brand","embeddable":true,"href":"https:\/\/www.breecorn.com\/de\/wp-json\/wp\/v2\/product_brand?post=2888"},{"taxonomy":"product_cat","embeddable":true,"href":"https:\/\/www.breecorn.com\/de\/wp-json\/wp\/v2\/product_cat?post=2888"},{"taxonomy":"product_tag","embeddable":true,"href":"https:\/\/www.breecorn.com\/de\/wp-json\/wp\/v2\/product_tag?post=2888"}],"curies":[{"name":"wp","href":"https:\/\/api.w.org\/{rel}","templated":true}]}}